{"id":7,"date":"2023-10-04T12:22:36","date_gmt":"2023-10-04T12:22:36","guid":{"rendered":"https:\/\/golkentkonutlari.com\/?page_id=7"},"modified":"2025-08-07T21:40:45","modified_gmt":"2025-08-07T18:40:45","slug":"insan-kaynaklari","status":"publish","type":"page","link":"https:\/\/golkentkonutlari.com\/?page_id=7","title":{"rendered":"\u0130NSAN KAYNAKLARI"},"content":{"rendered":"","protected":false},"excerpt":{"rendered":"","protected":false},"author":1,"featured_media":0,"parent":0,"menu_order":0,"comment_status":"open","ping_status":"closed","template":"","meta":{"footnotes":""},"class_list":["post-7","page","type-page","status-publish","hentry"],"yoast_head":"<!-- This site is optimized with the Yoast SEO plugin v27.4 - https:\/\/yoast.com\/product\/yoast-seo-wordpress\/ -->\n<title>\u0130NSAN KAYNAKLARI - G\u00f6lkent Konutlar\u0131<\/title>\n<meta name=\"robots\" content=\"index, follow, max-snippet:-1, max-image-preview:large, max-video-preview:-1\" \/>\n<link rel=\"canonical\" href=\"https:\/\/golkentkonutlari.com\/?page_id=7\" \/>\n<meta property=\"og:locale\" content=\"tr_TR\" \/>\n<meta property=\"og:type\" content=\"article\" \/>\n<meta property=\"og:title\" content=\"\u0130NSAN KAYNAKLARI - G\u00f6lkent Konutlar\u0131\" \/>\n<meta property=\"og:url\" content=\"https:\/\/golkentkonutlari.com\/?page_id=7\" \/>\n<meta property=\"og:site_name\" content=\"G\u00f6lkent Konutlar\u0131\" \/>\n<meta property=\"article:modified_time\" content=\"2025-08-07T18:40:45+00:00\" \/>\n<meta name=\"twitter:card\" content=\"summary_large_image\" \/>\n<script type=\"application\/ld+json\" class=\"yoast-schema-graph\">{\"@context\":\"https:\\\/\\\/schema.org\",\"@graph\":[{\"@type\":\"WebPage\",\"@id\":\"https:\\\/\\\/golkentkonutlari.com\\\/?page_id=7\",\"url\":\"https:\\\/\\\/golkentkonutlari.com\\\/?page_id=7\",\"name\":\"\u0130NSAN KAYNAKLARI - G\u00f6lkent Konutlar\u0131\",\"isPartOf\":{\"@id\":\"https:\\\/\\\/golkentkonutlari.com\\\/#website\"},\"datePublished\":\"2023-10-04T12:22:36+00:00\",\"dateModified\":\"2025-08-07T18:40:45+00:00\",\"breadcrumb\":{\"@id\":\"https:\\\/\\\/golkentkonutlari.com\\\/?page_id=7#breadcrumb\"},\"inLanguage\":\"tr\",\"potentialAction\":[{\"@type\":\"ReadAction\",\"target\":[\"https:\\\/\\\/golkentkonutlari.com\\\/?page_id=7\"]}]},{\"@type\":\"BreadcrumbList\",\"@id\":\"https:\\\/\\\/golkentkonutlari.com\\\/?page_id=7#breadcrumb\",\"itemListElement\":[{\"@type\":\"ListItem\",\"position\":1,\"name\":\"Anasayfa\",\"item\":\"https:\\\/\\\/golkentkonutlari.com\\\/\"},{\"@type\":\"ListItem\",\"position\":2,\"name\":\"\u0130NSAN KAYNAKLARI\"}]},{\"@type\":\"WebSite\",\"@id\":\"https:\\\/\\\/golkentkonutlari.com\\\/#website\",\"url\":\"https:\\\/\\\/golkentkonutlari.com\\\/\",\"name\":\"G\u00f6lkent Konutlar\u0131\",\"description\":\"G\u00f6zde Ya\u015fam Alan\u0131\",\"publisher\":{\"@id\":\"https:\\\/\\\/golkentkonutlari.com\\\/#organization\"},\"potentialAction\":[{\"@type\":\"SearchAction\",\"target\":{\"@type\":\"EntryPoint\",\"urlTemplate\":\"https:\\\/\\\/golkentkonutlari.com\\\/?s={search_term_string}\"},\"query-input\":{\"@type\":\"PropertyValueSpecification\",\"valueRequired\":true,\"valueName\":\"search_term_string\"}}],\"inLanguage\":\"tr\"},{\"@type\":\"Organization\",\"@id\":\"https:\\\/\\\/golkentkonutlari.com\\\/#organization\",\"name\":\"G\u00f6lkent Konutlar\u0131\",\"url\":\"https:\\\/\\\/golkentkonutlari.com\\\/\",\"logo\":{\"@type\":\"ImageObject\",\"inLanguage\":\"tr\",\"@id\":\"https:\\\/\\\/golkentkonutlari.com\\\/#\\\/schema\\\/logo\\\/image\\\/\",\"url\":\"https:\\\/\\\/golkentkonutlari.com\\\/wp-content\\\/uploads\\\/2025\\\/07\\\/golkent.png\",\"contentUrl\":\"https:\\\/\\\/golkentkonutlari.com\\\/wp-content\\\/uploads\\\/2025\\\/07\\\/golkent.png\",\"width\":358,\"height\":88,\"caption\":\"G\u00f6lkent Konutlar\u0131\"},\"image\":{\"@id\":\"https:\\\/\\\/golkentkonutlari.com\\\/#\\\/schema\\\/logo\\\/image\\\/\"}}]}<\/script>\n<!-- \/ Yoast SEO plugin. -->","yoast_head_json":{"title":"\u0130NSAN KAYNAKLARI - G\u00f6lkent Konutlar\u0131","robots":{"index":"index","follow":"follow","max-snippet":"max-snippet:-1","max-image-preview":"max-image-preview:large","max-video-preview":"max-video-preview:-1"},"canonical":"https:\/\/golkentkonutlari.com\/?page_id=7","og_locale":"tr_TR","og_type":"article","og_title":"\u0130NSAN KAYNAKLARI - G\u00f6lkent Konutlar\u0131","og_url":"https:\/\/golkentkonutlari.com\/?page_id=7","og_site_name":"G\u00f6lkent Konutlar\u0131","article_modified_time":"2025-08-07T18:40:45+00:00","twitter_card":"summary_large_image","schema":{"@context":"https:\/\/schema.org","@graph":[{"@type":"WebPage","@id":"https:\/\/golkentkonutlari.com\/?page_id=7","url":"https:\/\/golkentkonutlari.com\/?page_id=7","name":"\u0130NSAN KAYNAKLARI - G\u00f6lkent Konutlar\u0131","isPartOf":{"@id":"https:\/\/golkentkonutlari.com\/#website"},"datePublished":"2023-10-04T12:22:36+00:00","dateModified":"2025-08-07T18:40:45+00:00","breadcrumb":{"@id":"https:\/\/golkentkonutlari.com\/?page_id=7#breadcrumb"},"inLanguage":"tr","potentialAction":[{"@type":"ReadAction","target":["https:\/\/golkentkonutlari.com\/?page_id=7"]}]},{"@type":"BreadcrumbList","@id":"https:\/\/golkentkonutlari.com\/?page_id=7#breadcrumb","itemListElement":[{"@type":"ListItem","position":1,"name":"Anasayfa","item":"https:\/\/golkentkonutlari.com\/"},{"@type":"ListItem","position":2,"name":"\u0130NSAN KAYNAKLARI"}]},{"@type":"WebSite","@id":"https:\/\/golkentkonutlari.com\/#website","url":"https:\/\/golkentkonutlari.com\/","name":"G\u00f6lkent Konutlar\u0131","description":"G\u00f6zde Ya\u015fam Alan\u0131","publisher":{"@id":"https:\/\/golkentkonutlari.com\/#organization"},"potentialAction":[{"@type":"SearchAction","target":{"@type":"EntryPoint","urlTemplate":"https:\/\/golkentkonutlari.com\/?s={search_term_string}"},"query-input":{"@type":"PropertyValueSpecification","valueRequired":true,"valueName":"search_term_string"}}],"inLanguage":"tr"},{"@type":"Organization","@id":"https:\/\/golkentkonutlari.com\/#organization","name":"G\u00f6lkent Konutlar\u0131","url":"https:\/\/golkentkonutlari.com\/","logo":{"@type":"ImageObject","inLanguage":"tr","@id":"https:\/\/golkentkonutlari.com\/#\/schema\/logo\/image\/","url":"https:\/\/golkentkonutlari.com\/wp-content\/uploads\/2025\/07\/golkent.png","contentUrl":"https:\/\/golkentkonutlari.com\/wp-content\/uploads\/2025\/07\/golkent.png","width":358,"height":88,"caption":"G\u00f6lkent Konutlar\u0131"},"image":{"@id":"https:\/\/golkentkonutlari.com\/#\/schema\/logo\/image\/"}}]}},"_links":{"self":[{"href":"https:\/\/golkentkonutlari.com\/index.php?rest_route=\/wp\/v2\/pages\/7","targetHints":{"allow":["GET"]}}],"collection":[{"href":"https:\/\/golkentkonutlari.com\/index.php?rest_route=\/wp\/v2\/pages"}],"about":[{"href":"https:\/\/golkentkonutlari.com\/index.php?rest_route=\/wp\/v2\/types\/page"}],"author":[{"embeddable":true,"href":"https:\/\/golkentkonutlari.com\/index.php?rest_route=\/wp\/v2\/users\/1"}],"replies":[{"embeddable":true,"href":"https:\/\/golkentkonutlari.com\/index.php?rest_route=%2Fwp%2Fv2%2Fcomments&post=7"}],"version-history":[{"count":0,"href":"https:\/\/golkentkonutlari.com\/index.php?rest_route=\/wp\/v2\/pages\/7\/revisions"}],"wp:attachment":[{"href":"https:\/\/golkentkonutlari.com\/index.php?rest_route=%2Fwp%2Fv2%2Fmedia&parent=7"}],"curies":[{"name":"wp","href":"https:\/\/api.w.org\/{rel}","templated":true}]}}